{"id":2061,"date":"2026-03-24T17:07:09","date_gmt":"2026-03-24T17:07:09","guid":{"rendered":"https:\/\/rjrentacar.com.br\/aluguel-carro-blindado\/?page_id=2061"},"modified":"2026-04-08T21:02:06","modified_gmt":"2026-04-08T21:02:06","slug":"form","status":"publish","type":"page","link":"https:\/\/rjrentacar.com.br\/aluguel-carro-blindado\/form\/","title":{"rendered":"form"},"content":{"rendered":"\t\t<div data-elementor-type=\"wp-page\" data-elementor-id=\"2061\" class=\"elementor elementor-2061\" data-elementor-post-type=\"page\">\n\t\t\t\t<div class=\"elementor-element elementor-element-a55ba10 e-flex e-con-boxed e-con e-parent\" data-id=\"a55ba10\" data-element_type=\"container\" data-settings=\"{&quot;background_background&quot;:&quot;classic&quot;}\">\n\t\t\t\t\t<div class=\"e-con-inner\">\n\t\t\t\t<div class=\"elementor-element elementor-element-92d470a elementor-widget elementor-widget-html\" data-id=\"92d470a\" data-element_type=\"widget\" data-widget_type=\"html.default\">\n\t\t\t\t<div class=\"elementor-widget-container\">\n\t\t\t<!DOCTYPE html>\r\n<html lang=\"pt-br\">\r\n<head>\r\n    <meta charset=\"UTF-8\">\r\n    <meta name=\"viewport\" content=\"width=device-width, initial-scale=1.0\">\r\n    <title>Reserva Locadora de Blindado no rio de janeiro - RJ<\/title>\r\n    <style>\r\n        :root {\r\n            --primary: #25d366;\r\n            --accent: #25d366;\r\n        }\r\n\r\n        \/* Centraliza\u00e7\u00e3o total *\/\r\n        body { \r\n            font-family: 'Segoe UI', sans-serif; \r\n            background: #f4f7f6; \r\n            display: flex; \r\n            justify-content: center; \r\n            align-items: center; \/* Centraliza verticalmente *\/\r\n            min-height: 100vh;   \/* Garante que ocupe a tela toda *\/\r\n            margin: 0; \r\n            padding: 20px; \r\n            box-sizing: border-box;\r\n        }\r\n\r\n        .card { \r\n            background: white; \r\n            padding: 30px; \r\n            border-radius: 15px; \r\n            box-shadow: 0 10px 30px rgba(0,0,0,0.1); \r\n            width: 100%; \r\n            max-width: 450px; \r\n        }\r\n\r\n        h2 { color: var(--primary); text-align: center; margin-top: 0; }\r\n        .field { margin-bottom: 15px; }\r\n        label { display: block; font-size: 14px; font-weight: bold; margin-bottom: 5px; color: #555; }\r\n        input, select, textarea { width: 100%; padding: 12px; border: 1px solid #ddd; border-radius: 8px; box-sizing: border-box; font-size: 16px; }\r\n        \r\n        .grid { \r\n            display: grid; \r\n            grid-template-columns: 1fr 1fr; \r\n            gap: 15px; \r\n        }\r\n\r\n        \/* Ajuste para mobile: empilhar as datas se a tela for muito pequena *\/\r\n        @media (max-width: 400px) {\r\n            .grid { grid-template-columns: 1fr; }\r\n        }\r\n        \r\n        button { \r\n            width: 100%; \r\n            padding: 15px; \r\n            background: #555555; \r\n            color: white; \/* Corrigido de cinza para branco para ser leg\u00edvel *\/\r\n            border: none; \r\n            border-radius: 8px; \r\n            font-size: 16px; \r\n            font-weight: bold; \r\n            cursor: pointer;\r\n            transition: background 0.3s, transform 0.2s;\r\n            margin-top: 10px;\r\n        }\r\n\r\n        button:hover {\r\n            background: #444444;\r\n        }\r\n\r\n        button:active { transform: scale(0.98); }\r\n        .status { text-align: center; font-size: 12px; margin-top: 15px; color: #434343; }\r\n    <\/style>\r\n<\/head>\r\n<body>\r\n\r\n<div class=\"card\">\r\n    <h4>Solicite Or\u00e7amento<\/h4>\r\n    <form id=\"formReserva\" action=\"https:\/\/formspree.io\/f\/xaqlwnpv\" method=\"POST\">\r\n        \r\n        <div class=\"field\">\r\n            <label>Selecione o Ve\u00edculo Blindado<\/label>\r\n            <select name=\"veiculo\" id=\"veiculo\" required>\r\n                <option value=\"SEDAN\">SEDAN<\/option>\r\n                <option value=\"SUV\">SUV<\/option>\r\n                <option value=\"SUV 7 LUGARES\">SUV 7 LUGARES<\/option>          \r\n                <option value=\"MINIVAN\">MINIVAN<\/option>\r\n                <option value=\"VAN\">VAN<\/option>\r\n                <\/select>\r\n        <\/div>\r\n\r\n        <div class=\"grid\">\r\n            <div class=\"field\">\r\n                <label>Data In\u00edcio<\/label>\r\n                <input type=\"date\" name=\"data_inicio\" id=\"data_inicio\" required>\r\n            <\/div>\r\n            <div class=\"field\">\r\n                <label>Data Fim<\/label>\r\n                <input type=\"date\" name=\"data_fim\" id=\"data_fim\" required>\r\n            <\/div>\r\n        <\/div>\r\n\r\n        <div class=\"field\">\r\n            <label>Nome<\/label>\r\n            <input type=\"text\" name=\"nome\" id=\"nome\" required>\r\n        <\/div>\r\n\r\n        <div class=\"field\">\r\n            <label>Seu WhatsApp<\/label>\r\n            <input type=\"tel\" name=\"whatsapp_cliente\" id=\"whatsapp_cliente\" placeholder=\"Ex: 11999999999\" required>\r\n        <\/div>\r\n\r\n        <div class=\"field\">\r\n            <label>E-mail<\/label>\r\n            <input type=\"email\" name=\"email\" id=\"email\" required>\r\n        <\/div>\r\n\r\n        <div class=\"field\">\r\n            <label>Mensagem \/ Detalhes<\/label>\r\n            <textarea name=\"descricao\" id=\"descricao\" rows=\"3\"><\/textarea>\r\n        <\/div>\r\n\r\n        <button type=\"submit\" id=\"btnEnviar\">ENVIAR AGORA<\/button>\r\n        <p class=\"status\">Ao clicar, enviaremos por E-mail e WhatsApp.<\/p>\r\n    <\/form>\r\n<\/div>\r\n\r\n<script>\r\n    const form = document.getElementById('formReserva');\r\n\r\n    form.addEventListener('submit', function(e) {\r\n        e.preventDefault(); \r\n\r\n        const meuWhatsApp = \"5521979272262\"; \r\n        const btn = document.getElementById('btnEnviar');\r\n        btn.innerText = \"Enviando...\";\r\n        btn.disabled = true;\r\n\r\n        const dados = {\r\n            veiculo: document.getElementById('veiculo').value,\r\n            inicio: document.getElementById('data_inicio').value,\r\n            fim: document.getElementById('data_fim').value,\r\n            nome: document.getElementById('nome').value,\r\n            whatsapp: document.getElementById('whatsapp_cliente').value,\r\n            email: document.getElementById('email').value,\r\n            obs: document.getElementById('descricao').value\r\n        };\r\n\r\n        fetch(form.action, {\r\n            method: 'POST',\r\n            body: new FormData(form),\r\n            headers: { 'Accept': 'application\/json' }\r\n        }).then(response => {\r\n            if (response.ok) {\r\n                console.log(\"E-mail enviado com sucesso!\");\r\n            }\r\n        }).catch(error => console.error(\"Erro no e-mail:\", error));\r\n\r\n        const textoWhats = `*RJ RENT A CAR OR\u00c7AMENTO*%0A` +\r\n                           `------------------------%0A` +\r\n                           `*Ve\u00edculo:* ${dados.veiculo}%0A` +\r\n                           `*Data:* ${dados.inicio} at\u00e9 ${dados.fim}%0A` +\r\n                           `*Cliente:* ${dados.nome}%0A` +\r\n                           `*WhatsApp:* ${dados.whatsapp}%0A` +\r\n                           `*E-mail:* ${dados.email}%0A` +\r\n                           `*Mensagem:* ${dados.obs}`;\r\n\r\n        const urlWhats = `https:\/\/api.whatsapp.com\/send?phone=${meuWhatsApp}&text=${textoWhats}`;\r\n        \r\n        setTimeout(() => {\r\n            window.open(urlWhats, '_blank');\r\n            btn.innerText = \"ENVIAR AGORA\";\r\n            btn.disabled = false;\r\n            form.reset();\r\n            alert(\"Solicita\u00e7\u00e3o enviada por E-mail! Finalize o envio no WhatsApp que abriu.\");\r\n        }, 800);\r\n    });\r\n<\/script>\r\n\r\n<\/body>\r\n<\/html>\t\t<\/div>\n\t\t\t\t<\/div>\n\t\t\t\t\t<\/div>\n\t\t\t\t<\/div>\n\t\t\t\t<\/div>\n\t\t","protected":false},"excerpt":{"rendered":"<p>Reserva Locadora de Blindado no rio de janeiro &#8211; RJ Solicite Or\u00e7amento Selecione o Ve\u00edculo Blindado SEDANSUVSUV 7 LUGARESMINIVANVAN Data In\u00edcio Data Fim Nome Seu WhatsApp E-mail Mensagem \/ Detalhes ENVIAR AGORA Ao clicar, enviaremos por E-mail e WhatsApp.<\/p>\n","protected":false},"author":1,"featured_media":0,"parent":0,"menu_order":0,"comment_status":"open","ping_status":"closed","template":"elementor_canvas","meta":{"_monsterinsights_skip_tracking":false,"_monsterinsights_sitenote_active":false,"_monsterinsights_sitenote_note":"","_monsterinsights_sitenote_category":0,"footnotes":""},"class_list":["post-2061","page","type-page","status-publish","hentry"],"aioseo_notices":[],"_links":{"self":[{"href":"https:\/\/rjrentacar.com.br\/aluguel-carro-blindado\/wp-json\/wp\/v2\/pages\/2061","targetHints":{"allow":["GET"]}}],"collection":[{"href":"https:\/\/rjrentacar.com.br\/aluguel-carro-blindado\/wp-json\/wp\/v2\/pages"}],"about":[{"href":"https:\/\/rjrentacar.com.br\/aluguel-carro-blindado\/wp-json\/wp\/v2\/types\/page"}],"author":[{"embeddable":true,"href":"https:\/\/rjrentacar.com.br\/aluguel-carro-blindado\/wp-json\/wp\/v2\/users\/1"}],"replies":[{"embeddable":true,"href":"https:\/\/rjrentacar.com.br\/aluguel-carro-blindado\/wp-json\/wp\/v2\/comments?post=2061"}],"version-history":[{"count":0,"href":"https:\/\/rjrentacar.com.br\/aluguel-carro-blindado\/wp-json\/wp\/v2\/pages\/2061\/revisions"}],"wp:attachment":[{"href":"https:\/\/rjrentacar.com.br\/aluguel-carro-blindado\/wp-json\/wp\/v2\/media?parent=2061"}],"curies":[{"name":"wp","href":"https:\/\/api.w.org\/{rel}","templated":true}]}}